{"id":4034,"date":"2025-03-13T16:17:18","date_gmt":"2025-03-13T16:17:18","guid":{"rendered":"https:\/\/gracef.uqo.ca\/?page_id=4034"},"modified":"2025-05-14T00:26:58","modified_gmt":"2025-05-14T00:26:58","slug":"publications","status":"publish","type":"page","link":"https:\/\/gracef.uqo.ca\/?page_id=4034","title":{"rendered":"Publications"},"content":{"rendered":"\t\t<div data-elementor-type=\"wp-page\" data-elementor-id=\"4034\" class=\"elementor elementor-4034\">\n\t\t\t\t<div class=\"elementor-element elementor-element-26fd57f e-flex e-con-boxed e-con e-parent\" data-id=\"26fd57f\" data-element_type=\"container\">\n\t\t\t\t\t<div class=\"e-con-inner\">\n\t\t<div class=\"elementor-element elementor-element-2e30dc3 e-con-full e-flex e-con e-child\" data-id=\"2e30dc3\" data-element_type=\"container\">\n\t\t\t\t<div class=\"elementor-element elementor-element-72e903d elementor-widget elementor-widget-image\" data-id=\"72e903d\" data-element_type=\"widget\" data-widget_type=\"image.default\">\n\t\t\t\t<div class=\"elementor-widget-container\">\n\t\t\t\t\t\t\t\t\t\t\t\t\t\t\t\t<a href=\"https:\/\/oraprdnt.uqtr.uquebec.ca\/portail\/docs\/FWG\/GSC\/Publication\/1535\/17\/15405\/1\/696887\/4\/O0006602616_LesCahiersDuCEIDEF_vol_9.pdf\" target=\"_blank\">\n\t\t\t\t\t\t\t<img fetchpriority=\"high\" decoding=\"async\" width=\"494\" height=\"640\" src=\"https:\/\/gracef.uqo.ca\/wp-content\/uploads\/2025\/05\/Capture-decran-le-2025-05-13-a-08.46.54-\u2013-taille-moyenne.jpeg\" class=\"attachment-large size-large wp-image-4307\" alt=\"\" srcset=\"https:\/\/gracef.uqo.ca\/wp-content\/uploads\/2025\/05\/Capture-decran-le-2025-05-13-a-08.46.54-\u2013-taille-moyenne.jpeg 494w, https:\/\/gracef.uqo.ca\/wp-content\/uploads\/2025\/05\/Capture-decran-le-2025-05-13-a-08.46.54-\u2013-taille-moyenne-232x300.jpeg 232w\" sizes=\"(max-width: 494px) 100vw, 494px\" \/>\t\t\t\t\t\t\t\t<\/a>\n\t\t\t\t\t\t\t\t\t\t\t\t\t\t\t<\/div>\n\t\t\t\t<\/div>\n\t\t\t\t<\/div>\n\t\t<div class=\"elementor-element elementor-element-64e8e6d e-con-full e-flex e-con e-child\" data-id=\"64e8e6d\" data-element_type=\"container\">\n\t\t\t\t<div class=\"elementor-element elementor-element-a71b34e elementor-widget elementor-widget-heading\" data-id=\"a71b34e\" data-element_type=\"widget\" data-widget_type=\"heading.default\">\n\t\t\t\t<div class=\"elementor-widget-container\">\n\t\t\t\t\t<h2 class=\"elementor-heading-title elementor-size-default\">Cahier du CEIDEF<\/h2>\t\t\t\t<\/div>\n\t\t\t\t<\/div>\n\t\t\t\t<div class=\"elementor-element elementor-element-f52b393 elementor-widget elementor-widget-text-editor\" data-id=\"f52b393\" data-element_type=\"widget\" data-widget_type=\"text-editor.default\">\n\t\t\t\t<div class=\"elementor-widget-container\">\n\t\t\t\t\t\t\t\t\t<p class=\"p1\"><i>L\u2019action communautaire <\/i><i>aupr\u00e8s des familles<\/i><\/p>\t\t\t\t\t\t\t\t<\/div>\n\t\t\t\t<\/div>\n\t\t\t\t<\/div>\n\t\t\t\t\t<\/div>\n\t\t\t\t<\/div>\n\t\t<div class=\"elementor-element elementor-element-d132c95 e-flex e-con-boxed e-con e-parent\" data-id=\"d132c95\" data-element_type=\"container\">\n\t\t\t\t\t<div class=\"e-con-inner\">\n\t\t\t\t<div class=\"elementor-element elementor-element-64c5c66 elementor-widget__width-initial elementor-widget elementor-widget-image\" data-id=\"64c5c66\" data-element_type=\"widget\" data-widget_type=\"image.default\">\n\t\t\t\t<div class=\"elementor-widget-container\">\n\t\t\t\t\t\t\t\t\t\t\t\t\t\t\t\t<a href=\"https:\/\/gracef.uqo.ca\/wp-content\/uploads\/2025\/05\/Lintervention-informel-7_compressed-1_compressed-1.pdf\">\n\t\t\t\t\t\t\t<img decoding=\"async\" width=\"600\" height=\"935\" src=\"https:\/\/gracef.uqo.ca\/wp-content\/uploads\/2025\/05\/Capture-decran-page-couverture-projet-ocf-657x1024.jpeg\" class=\"attachment-large size-large wp-image-4309\" alt=\"\" srcset=\"https:\/\/gracef.uqo.ca\/wp-content\/uploads\/2025\/05\/Capture-decran-page-couverture-projet-ocf-657x1024.jpeg 657w, https:\/\/gracef.uqo.ca\/wp-content\/uploads\/2025\/05\/Capture-decran-page-couverture-projet-ocf-193x300.jpeg 193w, https:\/\/gracef.uqo.ca\/wp-content\/uploads\/2025\/05\/Capture-decran-page-couverture-projet-ocf-768x1196.jpeg 768w, https:\/\/gracef.uqo.ca\/wp-content\/uploads\/2025\/05\/Capture-decran-page-couverture-projet-ocf.jpeg 900w\" sizes=\"(max-width: 600px) 100vw, 600px\" \/>\t\t\t\t\t\t\t\t<\/a>\n\t\t\t\t\t\t\t\t\t\t\t\t\t\t\t<\/div>\n\t\t\t\t<\/div>\n\t\t<div class=\"elementor-element elementor-element-a987c9a e-con-full e-flex e-con e-child\" data-id=\"a987c9a\" data-element_type=\"container\">\n\t\t\t\t<div class=\"elementor-element elementor-element-b35b429 elementor-widget elementor-widget-image\" data-id=\"b35b429\" data-element_type=\"widget\" data-widget_type=\"image.default\">\n\t\t\t\t<div class=\"elementor-widget-container\">\n\t\t\t\t\t\t\t\t\t\t\t\t\t\t\t<img decoding=\"async\" src=\"https:\/\/gracef.uqo.ca\/wp-content\/uploads\/2025\/05\/Lintervention-informel-7_compressed-1_compressed-1.pdf\" title=\"\" alt=\"\" loading=\"lazy\" \/>\t\t\t\t\t\t\t\t\t\t\t\t\t\t\t<\/div>\n\t\t\t\t<\/div>\n\t\t\t\t<\/div>\n\t\t<div class=\"elementor-element elementor-element-df226f4 e-con-full e-flex e-con e-child\" data-id=\"df226f4\" data-element_type=\"container\">\n\t\t\t\t<div class=\"elementor-element elementor-element-0b5e212 elementor-widget elementor-widget-heading\" data-id=\"0b5e212\" data-element_type=\"widget\" data-widget_type=\"heading.default\">\n\t\t\t\t<div class=\"elementor-widget-container\">\n\t\t\t\t\t<h2 class=\"elementor-heading-title elementor-size-default\">S'engager dans les organismes communautaires Famille<\/h2>\t\t\t\t<\/div>\n\t\t\t\t<\/div>\n\t\t\t\t<div class=\"elementor-element elementor-element-d7010fd elementor-widget elementor-widget-text-editor\" data-id=\"d7010fd\" data-element_type=\"widget\" data-widget_type=\"text-editor.default\">\n\t\t\t\t<div class=\"elementor-widget-container\">\n\t\t\t\t\t\t\t\t\t<p class=\"p1\">Conditions de travail et sant\u00e9 psychologique des travailleuses<\/p>\t\t\t\t\t\t\t\t<\/div>\n\t\t\t\t<\/div>\n\t\t\t\t<\/div>\n\t\t\t\t\t<\/div>\n\t\t\t\t<\/div>\n\t\t<div class=\"elementor-element elementor-element-6ea0958 e-flex e-con-boxed e-con e-parent\" data-id=\"6ea0958\" data-element_type=\"container\">\n\t\t\t\t\t<div class=\"e-con-inner\">\n\t\t<div class=\"elementor-element elementor-element-9fa3601 e-con-full e-flex e-con e-child\" data-id=\"9fa3601\" data-element_type=\"container\">\n\t\t<div class=\"elementor-element elementor-element-356025f e-con-full e-flex e-con e-child\" data-id=\"356025f\" data-element_type=\"container\">\n\t\t\t\t<div class=\"elementor-element elementor-element-42902dd elementor-widget elementor-widget-image\" data-id=\"42902dd\" data-element_type=\"widget\" data-widget_type=\"image.default\">\n\t\t\t\t<div class=\"elementor-widget-container\">\n\t\t\t\t\t\t\t\t\t\t\t\t\t\t\t\t<a href=\"https:\/\/gracef.uqo.ca\/wp-content\/uploads\/2025\/05\/Infographies-GRACeF-Menu-11-x-17-po.pdf\">\n\t\t\t\t\t\t\t<img decoding=\"async\" width=\"600\" height=\"777\" src=\"https:\/\/gracef.uqo.ca\/wp-content\/uploads\/2025\/05\/Infographies-GRACeF-791x1024.jpg\" class=\"attachment-large size-large wp-image-4320\" alt=\"\" srcset=\"https:\/\/gracef.uqo.ca\/wp-content\/uploads\/2025\/05\/Infographies-GRACeF-791x1024.jpg 791w, https:\/\/gracef.uqo.ca\/wp-content\/uploads\/2025\/05\/Infographies-GRACeF-232x300.jpg 232w, https:\/\/gracef.uqo.ca\/wp-content\/uploads\/2025\/05\/Infographies-GRACeF-768x994.jpg 768w, https:\/\/gracef.uqo.ca\/wp-content\/uploads\/2025\/05\/Infographies-GRACeF-1187x1536.jpg 1187w, https:\/\/gracef.uqo.ca\/wp-content\/uploads\/2025\/05\/Infographies-GRACeF.jpg 1545w\" sizes=\"(max-width: 600px) 100vw, 600px\" \/>\t\t\t\t\t\t\t\t<\/a>\n\t\t\t\t\t\t\t\t\t\t\t\t\t\t\t<\/div>\n\t\t\t\t<\/div>\n\t\t\t\t<\/div>\n\t\t<div class=\"elementor-element elementor-element-4fd23a7 e-con-full e-flex e-con e-child\" data-id=\"4fd23a7\" data-element_type=\"container\">\n\t\t\t\t<div class=\"elementor-element elementor-element-142b263 elementor-widget elementor-widget-heading\" data-id=\"142b263\" data-element_type=\"widget\" data-widget_type=\"heading.default\">\n\t\t\t\t<div class=\"elementor-widget-container\">\n\t\t\t\t\t<h2 class=\"elementor-heading-title elementor-size-default\">Chantier 1 - La recherche au service du communautaire<\/h2>\t\t\t\t<\/div>\n\t\t\t\t<\/div>\n\t\t\t\t<div class=\"elementor-element elementor-element-c833852 elementor-widget elementor-widget-text-editor\" data-id=\"c833852\" data-element_type=\"widget\" data-widget_type=\"text-editor.default\">\n\t\t\t\t<div class=\"elementor-widget-container\">\n\t\t\t\t\t\t\t\t\t<p class=\"p1\">Que sait-on d\u00e9j\u00e0 de l&#8217;action communautaire aupr\u00e8s des familles ?<\/p>\t\t\t\t\t\t\t\t<\/div>\n\t\t\t\t<\/div>\n\t\t\t\t<\/div>\n\t\t\t\t<\/div>\n\t\t\t\t\t<\/div>\n\t\t\t\t<\/div>\n\t\t<div class=\"elementor-element elementor-element-79a6585 e-flex e-con-boxed e-con e-parent\" data-id=\"79a6585\" data-element_type=\"container\">\n\t\t\t\t\t<div class=\"e-con-inner\">\n\t\t<div class=\"elementor-element elementor-element-8728380 e-con-full e-flex e-con e-child\" data-id=\"8728380\" data-element_type=\"container\">\n\t\t\t\t<\/div>\n\t\t<div class=\"elementor-element elementor-element-c27a127 e-con-full e-flex e-con e-child\" data-id=\"c27a127\" data-element_type=\"container\">\n\t\t\t\t<\/div>\n\t\t\t\t\t<\/div>\n\t\t\t\t<\/div>\n\t\t\t\t<\/div>\n\t\t","protected":false},"excerpt":{"rendered":"<p>Cahier du CEIDEF L\u2019action communautaire aupr\u00e8s des familles S&#8217;engager dans les organismes communautaires Famille Conditions de travail et sant\u00e9 psychologique des travailleuses Chantier 1 &#8211; La recherche au service du communautaire Que sait-on d\u00e9j\u00e0 de l&#8217;action communautaire aupr\u00e8s des familles ?<\/p>\n","protected":false},"author":1,"featured_media":0,"parent":0,"menu_order":0,"comment_status":"closed","ping_status":"closed","template":"","meta":{"_acf_changed":false,"footnotes":""},"class_list":["post-4034","page","type-page","status-publish","hentry"],"acf":[],"_links":{"self":[{"href":"https:\/\/gracef.uqo.ca\/index.php?rest_route=\/wp\/v2\/pages\/4034","targetHints":{"allow":["GET"]}}],"collection":[{"href":"https:\/\/gracef.uqo.ca\/index.php?rest_route=\/wp\/v2\/pages"}],"about":[{"href":"https:\/\/gracef.uqo.ca\/index.php?rest_route=\/wp\/v2\/types\/page"}],"author":[{"embeddable":true,"href":"https:\/\/gracef.uqo.ca\/index.php?rest_route=\/wp\/v2\/users\/1"}],"replies":[{"embeddable":true,"href":"https:\/\/gracef.uqo.ca\/index.php?rest_route=%2Fwp%2Fv2%2Fcomments&post=4034"}],"version-history":[{"count":22,"href":"https:\/\/gracef.uqo.ca\/index.php?rest_route=\/wp\/v2\/pages\/4034\/revisions"}],"predecessor-version":[{"id":4331,"href":"https:\/\/gracef.uqo.ca\/index.php?rest_route=\/wp\/v2\/pages\/4034\/revisions\/4331"}],"wp:attachment":[{"href":"https:\/\/gracef.uqo.ca\/index.php?rest_route=%2Fwp%2Fv2%2Fmedia&parent=4034"}],"curies":[{"name":"wp","href":"https:\/\/api.w.org\/{rel}","templated":true}]}}